{"id":14,"date":"2024-12-05T14:10:12","date_gmt":"2024-12-05T14:10:12","guid":{"rendered":"https:\/\/tempprint.testskole.dk\/?page_id=14"},"modified":"2025-08-14T06:40:25","modified_gmt":"2025-08-14T06:40:25","slug":"forside","status":"publish","type":"page","link":"https:\/\/tempprint.testskole.dk\/","title":{"rendered":"Forside"},"content":{"rendered":"\t\t<div data-elementor-type=\"wp-page\" data-elementor-id=\"14\" class=\"elementor elementor-14\" data-elementor-post-type=\"page\">\n\t\t\t\t<div class=\"elementor-element elementor-element-18893d8 e-flex e-con-boxed e-con e-parent\" data-id=\"18893d8\" data-element_type=\"container\" data-e-type=\"container\" data-settings=\"{&quot;background_background&quot;:&quot;classic&quot;}\">\n\t\t\t\t\t<div class=\"e-con-inner\">\n\t\t<div class=\"elementor-element elementor-element-f3e270e e-con-full e-flex e-con e-child\" data-id=\"f3e270e\" data-element_type=\"container\" data-e-type=\"container\">\n\t\t<div class=\"elementor-element elementor-element-1fcc342 e-con-full e-flex e-con e-child\" data-id=\"1fcc342\" data-element_type=\"container\" data-e-type=\"container\">\n\t\t\t\t<div class=\"elementor-element elementor-element-19c5022 elementor-widget elementor-widget-heading\" data-id=\"19c5022\" data-element_type=\"widget\" data-e-type=\"widget\" data-widget_type=\"heading.default\">\n\t\t\t\t<div class=\"elementor-widget-container\">\n\t\t\t\t\t<h1 class=\"elementor-heading-title elementor-size-default\">SkoleIT Print<\/h1>\t\t\t\t<\/div>\n\t\t\t\t<\/div>\n\t\t\t\t<div class=\"elementor-element elementor-element-0bb0d23 elementor-widget elementor-widget-button\" data-id=\"0bb0d23\" data-element_type=\"widget\" data-e-type=\"widget\" data-widget_type=\"button.default\">\n\t\t\t\t<div class=\"elementor-widget-container\">\n\t\t\t\t\t\t\t\t\t<div class=\"elementor-button-wrapper\">\n\t\t\t\t\t<a class=\"elementor-button elementor-button-link elementor-size-sm\" href=\"#elementor-action%3Aaction%3Dpopup%3Aopen%26settings%3DeyJpZCI6Ijk5IiwidG9nZ2xlIjpmYWxzZX0%3D\">\n\t\t\t\t\t\t<span class=\"elementor-button-content-wrapper\">\n\t\t\t\t\t\t<span class=\"elementor-button-icon\">\n\t\t\t\t<svg aria-hidden=\"true\" class=\"e-font-icon-svg e-fas-play-circle\" viewBox=\"0 0 512 512\" xmlns=\"http:\/\/www.w3.org\/2000\/svg\"><path d=\"M256 8C119 8 8 119 8 256s111 248 248 248 248-111 248-248S393 8 256 8zm115.7 272l-176 101c-15.8 8.8-35.7-2.5-35.7-21V152c0-18.4 19.8-29.8 35.7-21l176 107c16.4 9.2 16.4 32.9 0 42z\"><\/path><\/svg>\t\t\t<\/span>\n\t\t\t\t\t\t\t\t\t<span class=\"elementor-button-text\">Har du brug for hj\u00e6lp til print?<\/span>\n\t\t\t\t\t<\/span>\n\t\t\t\t\t<\/a>\n\t\t\t\t<\/div>\n\t\t\t\t\t\t\t\t<\/div>\n\t\t\t\t<\/div>\n\t\t<div class=\"elementor-element elementor-element-22e2c58 e-con-full e-flex e-con e-child\" data-id=\"22e2c58\" data-element_type=\"container\" data-e-type=\"container\">\n\t\t<div class=\"elementor-element elementor-element-1893ff6 e-flex e-con-boxed e-con e-child\" data-id=\"1893ff6\" data-element_type=\"container\" data-e-type=\"container\" data-settings=\"{&quot;background_background&quot;:&quot;classic&quot;}\">\n\t\t\t\t\t<div class=\"e-con-inner\">\n\t\t\t\t<div class=\"elementor-element elementor-element-165317a elementor-hidden-tablet elementor-hidden-mobile elementor-view-default elementor-widget elementor-widget-icon\" data-id=\"165317a\" data-element_type=\"widget\" data-e-type=\"widget\" data-widget_type=\"icon.default\">\n\t\t\t\t<div class=\"elementor-widget-container\">\n\t\t\t\t\t\t\t<div class=\"elementor-icon-wrapper\">\n\t\t\t<div class=\"elementor-icon\">\n\t\t\t<i aria-hidden=\"true\" class=\"fas fa-folder-download\"><\/i>\t\t\t<\/div>\n\t\t<\/div>\n\t\t\t\t\t\t<\/div>\n\t\t\t\t<\/div>\n\t\t<div class=\"elementor-element elementor-element-f865a39 e-con-full e-flex e-con e-child\" data-id=\"f865a39\" data-element_type=\"container\" data-e-type=\"container\">\n\t\t\t\t<div class=\"elementor-element elementor-element-11c82cd elementor-widget elementor-widget-heading\" data-id=\"11c82cd\" data-element_type=\"widget\" data-e-type=\"widget\" data-widget_type=\"heading.default\">\n\t\t\t\t<div class=\"elementor-widget-container\">\n\t\t\t\t\t<h2 class=\"elementor-heading-title elementor-size-default\">Installer skolens printer<\/h2>\t\t\t\t<\/div>\n\t\t\t\t<\/div>\n\t\t<div class=\"elementor-element elementor-element-0b11c80 e-con-full e-flex e-con e-child\" data-id=\"0b11c80\" data-element_type=\"container\" data-e-type=\"container\">\n\t\t\t\t<div class=\"elementor-element elementor-element-6f62916 elementor-widget elementor-widget-text-editor\" data-id=\"6f62916\" data-element_type=\"widget\" data-e-type=\"widget\" data-widget_type=\"text-editor.default\">\n\t\t\t\t<div class=\"elementor-widget-container\">\n\t\t\t\t\t\t\t\t\t<p class=\"p1\">Installer nemt og hurtigt skolens printere.<\/p><p>Husk, at du skal v\u00e6re tilsluttet skolens netv\u00e6rk, \u2018SkoleWiFi\u2019, for at komme i gang.<\/p>\t\t\t\t\t\t\t\t<\/div>\n\t\t\t\t<\/div>\n\t\t\t\t<\/div>\n\t\t\t\t<div class=\"elementor-element elementor-element-991cb79 elementor-align-justify elementor-tablet-align-justify elementor-widget elementor-widget-button\" data-id=\"991cb79\" data-element_type=\"widget\" data-e-type=\"widget\" data-widget_type=\"button.default\">\n\t\t\t\t<div class=\"elementor-widget-container\">\n\t\t\t\t\t\t\t\t\t<div class=\"elementor-button-wrapper\">\n\t\t\t\t\t<a class=\"elementor-button elementor-button-link elementor-size-sm\" href=\"https:\/\/print.skoleit.dk\/Home\/Redirect\">\n\t\t\t\t\t\t<span class=\"elementor-button-content-wrapper\">\n\t\t\t\t\t\t\t\t\t<span class=\"elementor-button-text\">Installer print<\/span>\n\t\t\t\t\t<\/span>\n\t\t\t\t\t<\/a>\n\t\t\t\t<\/div>\n\t\t\t\t\t\t\t\t<\/div>\n\t\t\t\t<\/div>\n\t\t\t\t<\/div>\n\t\t\t\t\t<\/div>\n\t\t\t\t<\/div>\n\t\t<div class=\"elementor-element elementor-element-eb5a79a e-flex e-con-boxed e-con e-child\" data-id=\"eb5a79a\" data-element_type=\"container\" data-e-type=\"container\" data-settings=\"{&quot;background_background&quot;:&quot;classic&quot;}\">\n\t\t\t\t\t<div class=\"e-con-inner\">\n\t\t\t\t<div class=\"elementor-element elementor-element-f4586b8 elementor-hidden-tablet elementor-hidden-mobile elementor-view-default elementor-widget elementor-widget-icon\" data-id=\"f4586b8\" data-element_type=\"widget\" data-e-type=\"widget\" data-widget_type=\"icon.default\">\n\t\t\t\t<div class=\"elementor-widget-container\">\n\t\t\t\t\t\t\t<div class=\"elementor-icon-wrapper\">\n\t\t\t<div class=\"elementor-icon\">\n\t\t\t<svg aria-hidden=\"true\" class=\"e-font-icon-svg e-fas-cloud\" viewBox=\"0 0 640 512\" xmlns=\"http:\/\/www.w3.org\/2000\/svg\"><path d=\"M537.6 226.6c4.1-10.7 6.4-22.4 6.4-34.6 0-53-43-96-96-96-19.7 0-38.1 6-53.3 16.2C367 64.2 315.3 32 256 32c-88.4 0-160 71.6-160 160 0 2.7.1 5.4.2 8.1C40.2 219.8 0 273.2 0 336c0 79.5 64.5 144 144 144h368c70.7 0 128-57.3 128-128 0-61.9-44-113.6-102.4-125.4z\"><\/path><\/svg>\t\t\t<\/div>\n\t\t<\/div>\n\t\t\t\t\t\t<\/div>\n\t\t\t\t<\/div>\n\t\t<div class=\"elementor-element elementor-element-c44633a e-con-full e-flex e-con e-child\" data-id=\"c44633a\" data-element_type=\"container\" data-e-type=\"container\">\n\t\t\t\t<div class=\"elementor-element elementor-element-fcd3c98 elementor-widget elementor-widget-heading\" data-id=\"fcd3c98\" data-element_type=\"widget\" data-e-type=\"widget\" data-widget_type=\"heading.default\">\n\t\t\t\t<div class=\"elementor-widget-container\">\n\t\t\t\t\t<h2 class=\"elementor-heading-title elementor-size-default\">WebPrint<\/h2>\t\t\t\t<\/div>\n\t\t\t\t<\/div>\n\t\t<div class=\"elementor-element elementor-element-4679108 e-con-full e-flex e-con e-child\" data-id=\"4679108\" data-element_type=\"container\" data-e-type=\"container\">\n\t\t\t\t<div class=\"elementor-element elementor-element-5d73738 elementor-widget elementor-widget-text-editor\" data-id=\"5d73738\" data-element_type=\"widget\" data-e-type=\"widget\" data-widget_type=\"text-editor.default\">\n\t\t\t\t<div class=\"elementor-widget-container\">\n\t\t\t\t\t\t\t\t\t<p class=\"p1\">Upload dit dokument, og print nemt og hurtigt \u2013 helt uden at installere skolens printere.<\/p>\t\t\t\t\t\t\t\t<\/div>\n\t\t\t\t<\/div>\n\t\t\t\t<\/div>\n\t\t\t\t<div class=\"elementor-element elementor-element-038eea1 elementor-align-justify elementor-tablet-align-justify elementor-widget elementor-widget-button\" data-id=\"038eea1\" data-element_type=\"widget\" data-e-type=\"widget\" data-widget_type=\"button.default\">\n\t\t\t\t<div class=\"elementor-widget-container\">\n\t\t\t\t\t\t\t\t\t<div class=\"elementor-button-wrapper\">\n\t\t\t\t\t<a class=\"elementor-button elementor-button-link elementor-size-sm\" href=\"#\">\n\t\t\t\t\t\t<span class=\"elementor-button-content-wrapper\">\n\t\t\t\t\t\t\t\t\t<span class=\"elementor-button-text\">G\u00e5 til webPrint<\/span>\n\t\t\t\t\t<\/span>\n\t\t\t\t\t<\/a>\n\t\t\t\t<\/div>\n\t\t\t\t\t\t\t\t<\/div>\n\t\t\t\t<\/div>\n\t\t\t\t<\/div>\n\t\t\t\t\t<\/div>\n\t\t\t\t<\/div>\n\t\t\t\t<\/div>\n\t\t\t\t<\/div>\n\t\t\t\t<\/div>\n\t\t<div class=\"elementor-element elementor-element-01728e7 e-con-full e-flex e-con e-child\" data-id=\"01728e7\" data-element_type=\"container\" data-e-type=\"container\">\n\t\t\t\t<div class=\"elementor-element elementor-element-f0f1ce4 elementor-widget elementor-widget-image\" data-id=\"f0f1ce4\" data-element_type=\"widget\" data-e-type=\"widget\" data-widget_type=\"image.default\">\n\t\t\t\t<div class=\"elementor-widget-container\">\n\t\t\t\t\t\t\t\t\t\t\t\t\t\t\t\t<a href=\"http:\/\/Skoleit.dk\">\n\t\t\t\t\t\t\t<img fetchpriority=\"high\" decoding=\"async\" width=\"800\" height=\"256\" src=\"https:\/\/tempprint.testskole.dk\/wp-content\/uploads\/2024\/12\/logo-SkoleIT-hvid-1024x328.png\" class=\"attachment-large size-large wp-image-26\" alt=\"\" srcset=\"https:\/\/tempprint.testskole.dk\/wp-content\/uploads\/2024\/12\/logo-SkoleIT-hvid-1024x328.png 1024w, https:\/\/tempprint.testskole.dk\/wp-content\/uploads\/2024\/12\/logo-SkoleIT-hvid-300x96.png 300w, https:\/\/tempprint.testskole.dk\/wp-content\/uploads\/2024\/12\/logo-SkoleIT-hvid-768x246.png 768w, https:\/\/tempprint.testskole.dk\/wp-content\/uploads\/2024\/12\/logo-SkoleIT-hvid-1536x492.png 1536w, https:\/\/tempprint.testskole.dk\/wp-content\/uploads\/2024\/12\/logo-SkoleIT-hvid-2048x655.png 2048w\" sizes=\"(max-width: 800px) 100vw, 800px\" \/>\t\t\t\t\t\t\t\t<\/a>\n\t\t\t\t\t\t\t\t\t\t\t\t\t\t\t<\/div>\n\t\t\t\t<\/div>\n\t\t\t\t<\/div>\n\t\t\t\t\t<\/div>\n\t\t\t\t<\/div>\n\t\t\t\t<\/div>\n\t\t","protected":false},"excerpt":{"rendered":"<p>SkoleIT Print Har du brug for hj\u00e6lp til print? Installer skolens printer Installer nemt og hurtigt skolens printere. Husk, at du skal v\u00e6re tilsluttet skolens netv\u00e6rk, \u2018SkoleWiFi\u2019, for at komme i gang. Installer print WebPrint Upload dit dokument, og print nemt og hurtigt \u2013 helt uden at installere skolens printere. G\u00e5 til webPrint<\/p>\n","protected":false},"author":2,"featured_media":22,"parent":0,"menu_order":0,"comment_status":"closed","ping_status":"closed","template":"elementor_canvas","meta":{"footnotes":""},"class_list":["post-14","page","type-page","status-publish","has-post-thumbnail","hentry"],"yoast_head":"<!-- This site is optimized with the Yoast SEO plugin v27.2 - https:\/\/yoast.com\/product\/yoast-seo-wordpress\/ -->\n<title>Forside - SkoleIT Print<\/title>\n<meta name=\"robots\" content=\"noindex, nofollow\" \/>\n<meta property=\"og:locale\" content=\"en_US\" \/>\n<meta property=\"og:type\" content=\"article\" \/>\n<meta property=\"og:title\" content=\"Forside - SkoleIT Print\" \/>\n<meta property=\"og:description\" content=\"SkoleIT Print Har du brug for hj\u00e6lp til print? Installer skolens printer Installer nemt og hurtigt skolens printere. Husk, at du skal v\u00e6re tilsluttet skolens netv\u00e6rk, \u2018SkoleWiFi\u2019, for at komme i gang. Installer print WebPrint Upload dit dokument, og print nemt og hurtigt \u2013 helt uden at installere skolens printere. G\u00e5 til webPrint\" \/>\n<meta property=\"og:url\" content=\"https:\/\/tempprint.testskole.dk\/\" \/>\n<meta property=\"og:site_name\" content=\"SkoleIT Print\" \/>\n<meta property=\"article:modified_time\" content=\"2025-08-14T06:40:25+00:00\" \/>\n<meta property=\"og:image\" content=\"https:\/\/tempprint.testskole.dk\/wp-content\/uploads\/2024\/12\/SkoleIT-features-image.png\" \/>\n\t<meta property=\"og:image:width\" content=\"1200\" \/>\n\t<meta property=\"og:image:height\" content=\"628\" \/>\n\t<meta property=\"og:image:type\" content=\"image\/png\" \/>\n<meta name=\"twitter:card\" content=\"summary_large_image\" \/>\n<meta name=\"twitter:label1\" content=\"Est. reading time\" \/>\n\t<meta name=\"twitter:data1\" content=\"1 minute\" \/>\n<script type=\"application\/ld+json\" class=\"yoast-schema-graph\">{\"@context\":\"https:\/\/schema.org\",\"@graph\":[{\"@type\":\"WebPage\",\"@id\":\"https:\/\/tempprint.testskole.dk\/\",\"url\":\"https:\/\/tempprint.testskole.dk\/\",\"name\":\"Forside - SkoleIT Print\",\"isPartOf\":{\"@id\":\"https:\/\/tempprint.testskole.dk\/#website\"},\"primaryImageOfPage\":{\"@id\":\"https:\/\/tempprint.testskole.dk\/#primaryimage\"},\"image\":{\"@id\":\"https:\/\/tempprint.testskole.dk\/#primaryimage\"},\"thumbnailUrl\":\"https:\/\/tempprint.testskole.dk\/wp-content\/uploads\/2024\/12\/SkoleIT-features-image.png\",\"datePublished\":\"2024-12-05T14:10:12+00:00\",\"dateModified\":\"2025-08-14T06:40:25+00:00\",\"breadcrumb\":{\"@id\":\"https:\/\/tempprint.testskole.dk\/#breadcrumb\"},\"inLanguage\":\"en-US\",\"potentialAction\":[{\"@type\":\"ReadAction\",\"target\":[\"https:\/\/tempprint.testskole.dk\/\"]}]},{\"@type\":\"ImageObject\",\"inLanguage\":\"en-US\",\"@id\":\"https:\/\/tempprint.testskole.dk\/#primaryimage\",\"url\":\"https:\/\/tempprint.testskole.dk\/wp-content\/uploads\/2024\/12\/SkoleIT-features-image.png\",\"contentUrl\":\"https:\/\/tempprint.testskole.dk\/wp-content\/uploads\/2024\/12\/SkoleIT-features-image.png\",\"width\":1200,\"height\":628},{\"@type\":\"BreadcrumbList\",\"@id\":\"https:\/\/tempprint.testskole.dk\/#breadcrumb\",\"itemListElement\":[{\"@type\":\"ListItem\",\"position\":1,\"name\":\"Home\",\"item\":\"https:\/\/tempprint.testskole.dk\/\"},{\"@type\":\"ListItem\",\"position\":2,\"name\":\"Forside\"}]},{\"@type\":\"WebSite\",\"@id\":\"https:\/\/tempprint.testskole.dk\/#website\",\"url\":\"https:\/\/tempprint.testskole.dk\/\",\"name\":\"SkoleIT Print\",\"description\":\"Installer skolens printer eller print nemt med WebPrint\",\"publisher\":{\"@id\":\"https:\/\/tempprint.testskole.dk\/#organization\"},\"potentialAction\":[{\"@type\":\"SearchAction\",\"target\":{\"@type\":\"EntryPoint\",\"urlTemplate\":\"https:\/\/tempprint.testskole.dk\/?s={search_term_string}\"},\"query-input\":{\"@type\":\"PropertyValueSpecification\",\"valueRequired\":true,\"valueName\":\"search_term_string\"}}],\"inLanguage\":\"en-US\"},{\"@type\":\"Organization\",\"@id\":\"https:\/\/tempprint.testskole.dk\/#organization\",\"name\":\"SkoleIT\",\"url\":\"https:\/\/tempprint.testskole.dk\/\",\"logo\":{\"@type\":\"ImageObject\",\"inLanguage\":\"en-US\",\"@id\":\"https:\/\/tempprint.testskole.dk\/#\/schema\/logo\/image\/\",\"url\":\"https:\/\/tempprint.testskole.dk\/wp-content\/uploads\/2024\/12\/Google-Suit.png\",\"contentUrl\":\"https:\/\/tempprint.testskole.dk\/wp-content\/uploads\/2024\/12\/Google-Suit.png\",\"width\":320,\"height\":132,\"caption\":\"SkoleIT\"},\"image\":{\"@id\":\"https:\/\/tempprint.testskole.dk\/#\/schema\/logo\/image\/\"}}]}<\/script>\n<!-- \/ Yoast SEO plugin. -->","yoast_head_json":{"title":"Forside - SkoleIT Print","robots":{"index":"noindex","follow":"nofollow"},"og_locale":"en_US","og_type":"article","og_title":"Forside - SkoleIT Print","og_description":"SkoleIT Print Har du brug for hj\u00e6lp til print? Installer skolens printer Installer nemt og hurtigt skolens printere. Husk, at du skal v\u00e6re tilsluttet skolens netv\u00e6rk, \u2018SkoleWiFi\u2019, for at komme i gang. Installer print WebPrint Upload dit dokument, og print nemt og hurtigt \u2013 helt uden at installere skolens printere. G\u00e5 til webPrint","og_url":"https:\/\/tempprint.testskole.dk\/","og_site_name":"SkoleIT Print","article_modified_time":"2025-08-14T06:40:25+00:00","og_image":[{"width":1200,"height":628,"url":"https:\/\/tempprint.testskole.dk\/wp-content\/uploads\/2024\/12\/SkoleIT-features-image.png","type":"image\/png"}],"twitter_card":"summary_large_image","twitter_misc":{"Est. reading time":"1 minute"},"schema":{"@context":"https:\/\/schema.org","@graph":[{"@type":"WebPage","@id":"https:\/\/tempprint.testskole.dk\/","url":"https:\/\/tempprint.testskole.dk\/","name":"Forside - SkoleIT Print","isPartOf":{"@id":"https:\/\/tempprint.testskole.dk\/#website"},"primaryImageOfPage":{"@id":"https:\/\/tempprint.testskole.dk\/#primaryimage"},"image":{"@id":"https:\/\/tempprint.testskole.dk\/#primaryimage"},"thumbnailUrl":"https:\/\/tempprint.testskole.dk\/wp-content\/uploads\/2024\/12\/SkoleIT-features-image.png","datePublished":"2024-12-05T14:10:12+00:00","dateModified":"2025-08-14T06:40:25+00:00","breadcrumb":{"@id":"https:\/\/tempprint.testskole.dk\/#breadcrumb"},"inLanguage":"en-US","potentialAction":[{"@type":"ReadAction","target":["https:\/\/tempprint.testskole.dk\/"]}]},{"@type":"ImageObject","inLanguage":"en-US","@id":"https:\/\/tempprint.testskole.dk\/#primaryimage","url":"https:\/\/tempprint.testskole.dk\/wp-content\/uploads\/2024\/12\/SkoleIT-features-image.png","contentUrl":"https:\/\/tempprint.testskole.dk\/wp-content\/uploads\/2024\/12\/SkoleIT-features-image.png","width":1200,"height":628},{"@type":"BreadcrumbList","@id":"https:\/\/tempprint.testskole.dk\/#breadcrumb","itemListElement":[{"@type":"ListItem","position":1,"name":"Home","item":"https:\/\/tempprint.testskole.dk\/"},{"@type":"ListItem","position":2,"name":"Forside"}]},{"@type":"WebSite","@id":"https:\/\/tempprint.testskole.dk\/#website","url":"https:\/\/tempprint.testskole.dk\/","name":"SkoleIT Print","description":"Installer skolens printer eller print nemt med WebPrint","publisher":{"@id":"https:\/\/tempprint.testskole.dk\/#organization"},"potentialAction":[{"@type":"SearchAction","target":{"@type":"EntryPoint","urlTemplate":"https:\/\/tempprint.testskole.dk\/?s={search_term_string}"},"query-input":{"@type":"PropertyValueSpecification","valueRequired":true,"valueName":"search_term_string"}}],"inLanguage":"en-US"},{"@type":"Organization","@id":"https:\/\/tempprint.testskole.dk\/#organization","name":"SkoleIT","url":"https:\/\/tempprint.testskole.dk\/","logo":{"@type":"ImageObject","inLanguage":"en-US","@id":"https:\/\/tempprint.testskole.dk\/#\/schema\/logo\/image\/","url":"https:\/\/tempprint.testskole.dk\/wp-content\/uploads\/2024\/12\/Google-Suit.png","contentUrl":"https:\/\/tempprint.testskole.dk\/wp-content\/uploads\/2024\/12\/Google-Suit.png","width":320,"height":132,"caption":"SkoleIT"},"image":{"@id":"https:\/\/tempprint.testskole.dk\/#\/schema\/logo\/image\/"}}]}},"_links":{"self":[{"href":"https:\/\/tempprint.testskole.dk\/index.php?rest_route=\/wp\/v2\/pages\/14","targetHints":{"allow":["GET"]}}],"collection":[{"href":"https:\/\/tempprint.testskole.dk\/index.php?rest_route=\/wp\/v2\/pages"}],"about":[{"href":"https:\/\/tempprint.testskole.dk\/index.php?rest_route=\/wp\/v2\/types\/page"}],"author":[{"embeddable":true,"href":"https:\/\/tempprint.testskole.dk\/index.php?rest_route=\/wp\/v2\/users\/2"}],"replies":[{"embeddable":true,"href":"https:\/\/tempprint.testskole.dk\/index.php?rest_route=%2Fwp%2Fv2%2Fcomments&post=14"}],"version-history":[{"count":131,"href":"https:\/\/tempprint.testskole.dk\/index.php?rest_route=\/wp\/v2\/pages\/14\/revisions"}],"predecessor-version":[{"id":201,"href":"https:\/\/tempprint.testskole.dk\/index.php?rest_route=\/wp\/v2\/pages\/14\/revisions\/201"}],"wp:featuredmedia":[{"embeddable":true,"href":"https:\/\/tempprint.testskole.dk\/index.php?rest_route=\/wp\/v2\/media\/22"}],"wp:attachment":[{"href":"https:\/\/tempprint.testskole.dk\/index.php?rest_route=%2Fwp%2Fv2%2Fmedia&parent=14"}],"curies":[{"name":"wp","href":"https:\/\/api.w.org\/{rel}","templated":true}]}}